{"id":10564,"date":"2023-07-14T05:04:14","date_gmt":"2023-07-14T05:04:14","guid":{"rendered":"https:\/\/spyral-staging.com\/certia\/?page_id=10564"},"modified":"2023-08-25T18:57:19","modified_gmt":"2023-08-25T18:57:19","slug":"acerca-de-certia","status":"publish","type":"page","link":"https:\/\/spyral-staging.com\/certia\/acerca-de-certia\/","title":{"rendered":"Acerca de Certia"},"content":{"rendered":"<div class=\"wpb-content-wrapper\"><p>[vc_row full_width=\u00bbstretch_row\u00bb bg_type=\u00bbimage\u00bb parallax_style=\u00bbvcpb-vz-jquery\u00bb bg_image_new=\u00bbid^10698|url^http:\/\/spyral-staging.com\/certia\/wp-content\/uploads\/2023\/07\/certia-acerca-hero-900.jpg|caption^null|alt^null|title^certia-acerca-hero-900|description^null\u00bb bg_image_repeat=\u00bbno-repeat\u00bb parallax_sense=\u00bb70&#8243; enable_overlay=\u00bbenable_overlay_value\u00bb overlay_color=\u00bbrgba(61,65,68,0.95)\u00bb css=\u00bb.vc_custom_1689348712907{padding-top: 80px !important;padding-bottom: 80px !important;}\u00bb][vc_column][vc_custom_heading text=\u00bbESTO ES PERSONAL\u00bb font_container=\u00bbtag:h1|font_size:50|text_align:center|color:%23ffffff|line_height:1.5&#8243; use_theme_fonts=\u00bbyes\u00bb css_animation=\u00bbfadeInUp\u00bb][vc_custom_heading text=\u00bbNos especializamos en headhunting y gesti\u00f3n estrat\u00e9gica en recursos humanos. Aportamos soluciones para que las empresas cuenten con colaboradores capaces y motivados, en quienes puedan encomendar la operaci\u00f3n de su negocio. Nuestros clientes nos perciben como expertos confiables, involucrados en las particularidades de su negocio, y con un inter\u00e9s genuino por ayudarlos a lograr sus objetivos.\u00bb font_container=\u00bbtag:p|font_size:16|text_align:center|color:%23ffffff|line_height:1.7&#8243; use_theme_fonts=\u00bbyes\u00bb css_animation=\u00bbfadeInUp\u00bb css=\u00bb.vc_custom_1689312603057{margin-bottom: 35px !important;}\u00bb]<div class=\" ubtn-ctn-center \"><a class=\"ubtn-link ult-adjust-bottom-margin ubtn-center ubtn-custom \" href=\"https:\/\/spyral-staging.com\/certia\/contactanos\/\" title=\"Contact Us\" ><button type=\"button\" id=\"ubtn-4667\"  class=\"ubtn ult-adjust-bottom-margin ult-responsive ubtn-custom ubtn-no-hover-bg  none  ubtn-center   tooltip-69e308c57c204\"  data-hover=\"#ffffff\" data-border-color=\"#ffffff\" data-bg=\"\" data-hover-bg=\"#00b0ea\" data-border-hover=\"#ffffff\" data-shadow-hover=\"\" data-shadow-click=\"none\" data-shadow=\"\" data-shd-shadow=\"\"  data-ultimate-target='#ubtn-4667'  data-responsive-json-new='{\"font-size\":\"desktop:14px;\",\"line-height\":\"\"}'  style=\"font-family:&#039;Inter&#039;;font-weight:normal;font-style:normal;width:200px;min-height:40px;padding:px px;border-radius:px;border-width:1px;border-color:#ffffff;border-style:solid;color: #ffffff;\"><span class=\"ubtn-hover\" style=\"background-color:#00b0ea\"><\/span><span class=\"ubtn-data ubtn-text \" >CONT\u00c1CTANOS<\/span><\/button><\/a><\/div>[\/vc_column][\/vc_row][vc_row full_width=\u00bbstretch_row\u00bb css=\u00bb.vc_custom_1689309837947{padding-top: 10px !important;padding-bottom: 45px !important;}\u00bb][vc_column][vc_row_inner gap=\u00bb35&#8243;][vc_column_inner width=\u00bb1\/2&#8243; css=\u00bb.vc_custom_1689313676977{border-top-width: 1px !important;border-right-width: 1px !important;border-bottom-width: 1px !important;border-left-width: 1px !important;border-left-color: rgba(80,84,86,0.3) !important;border-left-style: solid !important;border-right-color: rgba(80,84,86,0.3) !important;border-right-style: solid !important;border-top-color: rgba(80,84,86,0.3) !important;border-top-style: solid !important;border-bottom-color: rgba(80,84,86,0.3) !important;border-bottom-style: solid !important;border-radius: 5px !important;}\u00bb]<div class=\"ult-just-icon-wrapper   vc_custom_1689348028995\"><div class=\"align-icon\" style=\"text-align:center;\">\n<div class=\"aio-icon-img \" style=\"font-size:70px;display:inline-block;\" data-animation=\"fadeInUp\" data-animation-delay=\"03\">\n\t<img decoding=\"async\" class=\"img-icon\" alt=\"null\" src=\"https:\/\/spyral-staging.com\/certia\/wp-content\/uploads\/2023\/07\/certia-acerca_equipo.svg\"\/>\n<\/div><\/div><\/div>[vc_custom_heading text=\u00bbNUESTRO EQUIPO\u00bb font_container=\u00bbtag:h2|font_size:24|text_align:center|color:%23505456&#8243; google_fonts=\u00bbfont_family:Montserrat%3Aregular%2C700|font_style:400%20regular%3A400%3Anormal\u00bb css_animation=\u00bbfadeInUp\u00bb css=\u00bb.vc_custom_1689311361940{margin-bottom: 15px !important;}\u00bb][vc_column_text]<\/p>\n<p style=\"text-align: center;\">Profesionistas calificados, con s\u00f3lidos conocimientos en perfiles y rangos salariales seg\u00fan su industria, por lo que se les facilita la compresi\u00f3n de los requerimientos, as\u00ed como la asesor\u00eda, b\u00fasqueda y presentaci\u00f3n de candidatos. Su amabilidad y esfuerzo constantes, muestran un aut\u00e9ntico enfoque por satisfacer a sus clientes.<\/p>\n<p>[\/vc_column_text][\/vc_column_inner][vc_column_inner width=\u00bb1\/2&#8243; css=\u00bb.vc_custom_1689313682210{border-top-width: 1px !important;border-right-width: 1px !important;border-bottom-width: 1px !important;border-left-width: 1px !important;border-left-color: rgba(80,84,86,0.3) !important;border-left-style: solid !important;border-right-color: rgba(80,84,86,0.3) !important;border-right-style: solid !important;border-top-color: rgba(80,84,86,0.3) !important;border-top-style: solid !important;border-bottom-color: rgba(80,84,86,0.3) !important;border-bottom-style: solid !important;border-radius: 5px !important;}\u00bb]<div class=\"ult-just-icon-wrapper   vc_custom_1689348036742\"><div class=\"align-icon\" style=\"text-align:center;\">\n<div class=\"aio-icon-img \" style=\"font-size:70px;display:inline-block;\" data-animation=\"fadeInUp\" data-animation-delay=\"03\">\n\t<img decoding=\"async\" class=\"img-icon\" alt=\"null\" src=\"https:\/\/spyral-staging.com\/certia\/wp-content\/uploads\/2023\/07\/certia-acerca_candidatos.svg\"\/>\n<\/div><\/div><\/div>[vc_custom_heading text=\u00bbNUESTROS CANDIDATOS\u00bb font_container=\u00bbtag:h2|font_size:24|text_align:center|color:%23505456&#8243; google_fonts=\u00bbfont_family:Montserrat%3Aregular%2C700|font_style:400%20regular%3A400%3Anormal\u00bb css_animation=\u00bbfadeInUp\u00bb css=\u00bb.vc_custom_1689311403057{margin-bottom: 15px !important;}\u00bb][vc_column_text]<\/p>\n<p style=\"text-align: center;\">Desarrollamos\u00a0 estrategias que nos ayudan a encontrar personas que cuenten con los perfiles id\u00f3neos para cumplir con las expectativas del puesto; gente responsable, conocedora de su \u00e1rea, que disfruta de su trabajo con gran profesionalismo, enfocados en el logro de sus objetivos, que le entusiasma el nuevo conocimiento y les gusta compartir lo que saben.<\/p>\n<p>[\/vc_column_text][\/vc_column_inner][\/vc_row_inner][vc_row_inner gap=\u00bb35&#8243;][vc_column_inner width=\u00bb1\/2&#8243; css=\u00bb.vc_custom_1689313688459{border-top-width: 1px !important;border-right-width: 1px !important;border-bottom-width: 1px !important;border-left-width: 1px !important;border-left-color: rgba(80,84,86,0.3) !important;border-left-style: solid !important;border-right-color: rgba(80,84,86,0.3) !important;border-right-style: solid !important;border-top-color: rgba(80,84,86,0.3) !important;border-top-style: solid !important;border-bottom-color: rgba(80,84,86,0.3) !important;border-bottom-style: solid !important;border-radius: 5px !important;}\u00bb]<div class=\"ult-just-icon-wrapper   vc_custom_1689348045477\"><div class=\"align-icon\" style=\"text-align:center;\">\n<div class=\"aio-icon-img \" style=\"font-size:70px;display:inline-block;\" data-animation=\"fadeInUp\" data-animation-delay=\"03\">\n\t<img decoding=\"async\" class=\"img-icon\" alt=\"null\" src=\"https:\/\/spyral-staging.com\/certia\/wp-content\/uploads\/2023\/07\/certia-acerca-clientes.svg\"\/>\n<\/div><\/div><\/div>[vc_custom_heading text=\u00bbNUESTROS CLIENTES\u00bb font_container=\u00bbtag:h2|font_size:24|text_align:center|color:%23505456&#8243; google_fonts=\u00bbfont_family:Montserrat%3Aregular%2C700|font_style:400%20regular%3A400%3Anormal\u00bb css_animation=\u00bbfadeInUp\u00bb css=\u00bb.vc_custom_1689311492540{margin-bottom: 15px !important;}\u00bb][vc_column_text]<\/p>\n<p style=\"text-align: center;\">Empresas reconocidas por su gran compromiso con la calidad de sus productos y servicios, que respetan el conocimiento, el entusiasmo, la \u00e9tica y las opiniones de sus colaboradores. Organizaciones interesadas en el cuidado y desarrollo de su personal, brindando remuneraciones dignas y planes de crecimiento meritorios.<\/p>\n<p>[\/vc_column_text][\/vc_column_inner][vc_column_inner width=\u00bb1\/2&#8243; css=\u00bb.vc_custom_1689313693677{border-top-width: 1px !important;border-right-width: 1px !important;border-bottom-width: 1px !important;border-left-width: 1px !important;border-left-color: rgba(80,84,86,0.3) !important;border-left-style: solid !important;border-right-color: rgba(80,84,86,0.3) !important;border-right-style: solid !important;border-top-color: rgba(80,84,86,0.3) !important;border-top-style: solid !important;border-bottom-color: rgba(80,84,86,0.3) !important;border-bottom-style: solid !important;border-radius: 5px !important;}\u00bb]<div class=\"ult-just-icon-wrapper   vc_custom_1689348054811\"><div class=\"align-icon\" style=\"text-align:center;\">\n<div class=\"aio-icon-img \" style=\"font-size:70px;display:inline-block;\" data-animation=\"fadeInUp\" data-animation-delay=\"03\">\n\t<img decoding=\"async\" class=\"img-icon\" alt=\"null\" src=\"https:\/\/spyral-staging.com\/certia\/wp-content\/uploads\/2023\/07\/certia-acerca_pensamiento.svg\"\/>\n<\/div><\/div><\/div>[vc_custom_heading text=\u00bbTRANSFORMA TU PENSAMIENTO\u00bb font_container=\u00bbtag:h2|font_size:24|text_align:center|color:%23505456&#8243; google_fonts=\u00bbfont_family:Montserrat%3Aregular%2C700|font_style:400%20regular%3A400%3Anormal\u00bb css_animation=\u00bbfadeInUp\u00bb css=\u00bb.vc_custom_1689311520540{margin-bottom: 15px !important;}\u00bb][vc_column_text]<\/p>\n<p style=\"text-align: center;\">Permite que te presentemos personas capaces y entusiastas en un menor tiempo y a un precio muy competitivo, para integrarlas a tu equipo de trabajo. Gracias a ellos y a su dedicaci\u00f3n, te sobrar\u00e1 tiempo para disfrutar tu vida. En Certia estamos convencidos que el verdadero negocio, es la adquisici\u00f3n de buenos momentos.<\/p>\n<p>[\/vc_column_text][\/vc_column_inner][\/vc_row_inner][\/vc_column][\/vc_row][vc_row full_width=\u00bbstretch_row\u00bb css=\u00bb.vc_custom_1689314467293{padding-top: 15px !important;padding-bottom: 30px !important;background-color: #f2f8fa !important;}\u00bb][vc_column]<div class=\"ult-just-icon-wrapper   vc_custom_1689314413634\"><div class=\"align-icon\" style=\"text-align:center;\">\n<div class=\"aio-icon-img \" style=\"font-size:40px;display:inline-block;\" data-animation=\"fadeInUp\" data-animation-delay=\"03\">\n\t<img decoding=\"async\" class=\"img-icon\" alt=\"null\" src=\"https:\/\/spyral-staging.com\/certia\/wp-content\/uploads\/2023\/07\/certia-icons_email.svg\"\/>\n<\/div><\/div><\/div>[vc_custom_heading text=\u00bb\u00a1TRABAJA CON NOSOTROS!\u00bb font_container=\u00bbtag:h2|font_size:40|text_align:center|color:%233d4144&#8243; use_theme_fonts=\u00bbyes\u00bb css_animation=\u00bbfadeInUp\u00bb css=\u00bb.vc_custom_1689314072415{margin-bottom: 15px !important;}\u00bb][vc_row_inner][vc_column_inner][vc_custom_heading text=\u00bbNo dudes en contactarnos y comenzar una conversaci\u00f3n. Queremos saber c\u00f3mo podemos ayudarte y trabajar juntos para alcanzar tus objetivos.\u00bb font_container=\u00bbtag:p|font_size:16|text_align:center|line_height:1.6&#8243; use_theme_fonts=\u00bbyes\u00bb css_animation=\u00bbfadeInUp\u00bb css=\u00bb.vc_custom_1689313991016{margin-right: 120px !important;margin-left: 120px !important;}\u00bb][\/vc_column_inner][\/vc_row_inner][\/vc_column][\/vc_row][vc_row full_width=\u00bbstretch_row\u00bb css=\u00bb.vc_custom_1689314022736{padding-bottom: 5px !important;background-color: #3d4144 !important;}\u00bb][vc_column]<div class=\"ult-just-icon-wrapper   vc_custom_1689314679900\"><div class=\"align-icon\" style=\"text-align:center;\">\n<div class=\"aio-icon-img \" style=\"font-size:150px;display:inline-block;\" >\n\t<img decoding=\"async\" class=\"img-icon\" alt=\"null\" src=\"https:\/\/spyral-staging.com\/certia\/wp-content\/uploads\/2023\/07\/certia-logo-main-white.svg\"\/>\n<\/div><\/div><\/div>[vc_raw_html css=\u00bb.vc_custom_1689303032282{margin-bottom: 25px !important;padding-bottom: 0px !important;}\u00bb]JTNDY2VudGVyJTNFJTBBJTNDZGl2JTIwaWQlM0QlMjJuYXZtZW51JTIyJTNFJTBBJTNDdWwlM0UlMEElMDklM0NsaSUzRSUzQ2ElMjBocmVmJTNEJTIyJTIzJTIyJTNFSU5JQ0lPJTNDJTJGYSUzRSUzQyUyRmxpJTNFJTBBJTA5JTNDbGklM0UlM0NhJTIwaHJlZiUzRCUyMiUyMyUyMiUzRUFDRVJDQSUyMERFJTIwQ0VSVElBJTNDJTJGYSUzRSUzQyUyRmxpJTNFJTBBJTIwJTIwJTIwJTIwJTIwJTIwJTIwJTIwJTNDbGklM0UlM0NhJTIwaHJlZiUzRCUyMiUyMyUyMiUzRU5VRVNUUk9TJTIwU0VSVklDSU9TJTNDJTJGYSUzRSUzQyUyRmxpJTNFJTBBJTA5JTNDbGklM0UlM0NhJTIwaHJlZiUzRCUyMiUyMyUyMiUzRU5VRVNUUk9TJTIwQ0xJRU5URVMlM0MlMkZhJTNFJTNDJTJGbGklM0UlMEElMDklM0NsaSUzRSUzQ2ElMjBocmVmJTNEJTIyJTIzJTIyJTNFQ09OVCVDMyU4MUNUQU5PUyUzQyUyRmElM0UlM0MlMkZsaSUzRSUwQSUzQyUyRnVsJTNFJTBBJTNDJTJGZGl2JTNFJTBBJTNDJTJGY2VudGVyJTNF[\/vc_raw_html]<style type=\"text\/css\" data-type=\"the7_shortcodes-inline-css\">.dt-shortcode-soc-icons.soc-icons-4b5bfda2d8867c2d6615511f6e50c7b9 a {\n  margin-right: 20px;\n}\n.dt-shortcode-soc-icons a.soc-icons-4b5bfda2d8867c2d6615511f6e50c7b9 {\n  margin-right: 20px;\n}\n.dt-shortcode-soc-icons a.soc-icons-4b5bfda2d8867c2d6615511f6e50c7b9:last-child {\n  margin-right: 0;\n}\n.dt-shortcode-soc-icons a.soc-icons-4b5bfda2d8867c2d6615511f6e50c7b9:before,\n.dt-shortcode-soc-icons a.soc-icons-4b5bfda2d8867c2d6615511f6e50c7b9:after {\n  padding: inherit;\n}\n.dt-shortcode-soc-icons a.soc-icons-4b5bfda2d8867c2d6615511f6e50c7b9.dt-icon-border-on:before {\n  border:  solid ;\n}\n.dt-shortcode-soc-icons a.soc-icons-4b5bfda2d8867c2d6615511f6e50c7b9.dt-icon-hover-border-on:after {\n  border:  solid ;\n}<\/style><div class=\"dt-shortcode-soc-icons  soc-icons-4b5bfda2d8867c2d6615511f6e50c7b9 soc-icons-center  vc_custom_1675412221669\" ><style type=\"text\/css\" data-type=\"the7_shortcodes-inline-css\">.dt-shortcode-soc-icons a.single-soc-icon-0900665e429cb0f46034090ce41439d2 {\n  min-width: 26px;\n  min-height: 26px;\n  font-size: 16px;\n  border-radius: 100px;\n}\n.dt-shortcode-soc-icons a.single-soc-icon-0900665e429cb0f46034090ce41439d2:last-child {\n  margin-right: 0;\n}\n.dt-shortcode-soc-icons a.single-soc-icon-0900665e429cb0f46034090ce41439d2:before,\n.dt-shortcode-soc-icons a.single-soc-icon-0900665e429cb0f46034090ce41439d2:after {\n  min-width: 26px;\n  min-height: 26px;\n  padding: inherit;\n}\n#page .dt-shortcode-soc-icons a.single-soc-icon-0900665e429cb0f46034090ce41439d2.dt-icon-bg-on:before,\n#phantom .dt-shortcode-soc-icons a.single-soc-icon-0900665e429cb0f46034090ce41439d2.dt-icon-bg-on:before {\n  background: #00b0ea;\n}\n.dt-shortcode-soc-icons a.single-soc-icon-0900665e429cb0f46034090ce41439d2.dt-icon-border-on:before {\n  border: 0px solid ;\n}\n.dt-shortcode-soc-icons a.single-soc-icon-0900665e429cb0f46034090ce41439d2.dt-icon-hover-border-on:after {\n  border: 0px solid ;\n}\n.dt-shortcode-soc-icons a.single-soc-icon-0900665e429cb0f46034090ce41439d2:hover {\n  font-size: 16px;\n}\n#page .dt-shortcode-soc-icons a.single-soc-icon-0900665e429cb0f46034090ce41439d2:hover .soc-font-icon,\n#phantom .dt-shortcode-soc-icons a.single-soc-icon-0900665e429cb0f46034090ce41439d2:hover .soc-font-icon,\n#page .dt-shortcode-soc-icons a.single-soc-icon-0900665e429cb0f46034090ce41439d2:hover .soc-icon,\n#phantom .dt-shortcode-soc-icons a.single-soc-icon-0900665e429cb0f46034090ce41439d2:hover .soc-icon {\n  color: rgba(255,255,255,0.75);\n  background: none;\n}\n#page .dt-shortcode-soc-icons a.single-soc-icon-0900665e429cb0f46034090ce41439d2:not(:hover) .soc-font-icon,\n#phantom .dt-shortcode-soc-icons a.single-soc-icon-0900665e429cb0f46034090ce41439d2:not(:hover) .soc-font-icon,\n#page .dt-shortcode-soc-icons a.single-soc-icon-0900665e429cb0f46034090ce41439d2:not(:hover) .soc-icon,\n#phantom .dt-shortcode-soc-icons a.single-soc-icon-0900665e429cb0f46034090ce41439d2:not(:hover) .soc-icon {\n  color: #ffffff;\n  background: none;\n}\n.dt-shortcode-soc-icons a.single-soc-icon-0900665e429cb0f46034090ce41439d2 .soc-font-icon,\n.dt-shortcode-soc-icons a.single-soc-icon-0900665e429cb0f46034090ce41439d2 .soc-icon {\n  font-size: 16px;\n}<\/style><a title=\"Facebook\" href=\"https:\/\/www.facebook.com\/certiamx\/\" target=\"_blank\" class=\"facebook single-soc-icon-0900665e429cb0f46034090ce41439d2 dt-icon-bg-on dt-icon-border-on dt-icon-hover-border-on dt-icon-hover-bg-on\"><i class=\"soc-icon soc-font-icon dt-icon-facebook\"><\/i><span class=\"screen-reader-text\">Facebook<\/span><\/a><style type=\"text\/css\" data-type=\"the7_shortcodes-inline-css\">.dt-shortcode-soc-icons a.single-soc-icon-8f6f40db805453f8205008d0b6188773 {\n  min-width: 26px;\n  min-height: 26px;\n  font-size: 16px;\n  border-radius: 100px;\n}\n.dt-shortcode-soc-icons a.single-soc-icon-8f6f40db805453f8205008d0b6188773:last-child {\n  margin-right: 0;\n}\n.dt-shortcode-soc-icons a.single-soc-icon-8f6f40db805453f8205008d0b6188773:before,\n.dt-shortcode-soc-icons a.single-soc-icon-8f6f40db805453f8205008d0b6188773:after {\n  min-width: 26px;\n  min-height: 26px;\n  padding: inherit;\n}\n#page .dt-shortcode-soc-icons a.single-soc-icon-8f6f40db805453f8205008d0b6188773.dt-icon-bg-on:before,\n#phantom .dt-shortcode-soc-icons a.single-soc-icon-8f6f40db805453f8205008d0b6188773.dt-icon-bg-on:before {\n  background: #00b0ea;\n}\n.dt-shortcode-soc-icons a.single-soc-icon-8f6f40db805453f8205008d0b6188773.dt-icon-border-on:before {\n  border: 0px solid ;\n}\n.dt-shortcode-soc-icons a.single-soc-icon-8f6f40db805453f8205008d0b6188773.dt-icon-hover-border-on:after {\n  border: 0px solid ;\n}\n.dt-shortcode-soc-icons a.single-soc-icon-8f6f40db805453f8205008d0b6188773:hover {\n  font-size: 16px;\n}\n#page .dt-shortcode-soc-icons a.single-soc-icon-8f6f40db805453f8205008d0b6188773:hover .soc-font-icon,\n#phantom .dt-shortcode-soc-icons a.single-soc-icon-8f6f40db805453f8205008d0b6188773:hover .soc-font-icon,\n#page .dt-shortcode-soc-icons a.single-soc-icon-8f6f40db805453f8205008d0b6188773:hover .soc-icon,\n#phantom .dt-shortcode-soc-icons a.single-soc-icon-8f6f40db805453f8205008d0b6188773:hover .soc-icon {\n  color: rgba(255,255,255,0.75);\n  background: none;\n}\n#page .dt-shortcode-soc-icons a.single-soc-icon-8f6f40db805453f8205008d0b6188773:not(:hover) .soc-font-icon,\n#phantom .dt-shortcode-soc-icons a.single-soc-icon-8f6f40db805453f8205008d0b6188773:not(:hover) .soc-font-icon,\n#page .dt-shortcode-soc-icons a.single-soc-icon-8f6f40db805453f8205008d0b6188773:not(:hover) .soc-icon,\n#phantom .dt-shortcode-soc-icons a.single-soc-icon-8f6f40db805453f8205008d0b6188773:not(:hover) .soc-icon {\n  color: #ffffff;\n  background: none;\n}\n.dt-shortcode-soc-icons a.single-soc-icon-8f6f40db805453f8205008d0b6188773 .soc-font-icon,\n.dt-shortcode-soc-icons a.single-soc-icon-8f6f40db805453f8205008d0b6188773 .soc-icon {\n  font-size: 16px;\n}<\/style><a title=\"Linkedin\" href=\"https:\/\/mx.linkedin.com\/company\/certia-expertos-en-personal\" target=\"_blank\" class=\"linkedin single-soc-icon-8f6f40db805453f8205008d0b6188773 dt-icon-bg-on dt-icon-border-on dt-icon-hover-border-on dt-icon-hover-bg-on\"><i class=\"soc-icon soc-font-icon dt-icon-linkedin\"><\/i><span class=\"screen-reader-text\">Linkedin<\/span><\/a><\/div>[vc_column_text el_class=\u00bb.footertxt\u00bb]<\/p>\n<p style=\"text-align: center;\">\u00a9 2023 <a href=\"#\">Certia<\/a> \u2022 Derechos Reservados.<\/p>\n<p>[\/vc_column_text][\/vc_column][\/vc_row]<\/p>\n<\/div>","protected":false},"excerpt":{"rendered":"<p>[vc_row full_width=\u00bbstretch_row\u00bb bg_type=\u00bbimage\u00bb parallax_style=\u00bbvcpb-vz-jquery\u00bb bg_image_new=\u00bbid^10698|url^http:\/\/spyral-staging.com\/certia\/wp-content\/uploads\/2023\/07\/certia-acerca-hero-900.jpg|caption^null|alt^null|title^certia-acerca-hero-900|description^null\u00bb bg_image_repeat=\u00bbno-repeat\u00bb parallax_sense=\u00bb70&#8243; enable_overlay=\u00bbenable_overlay_value\u00bb overlay_color=\u00bbrgba(61,65,68,0.95)\u00bb css=\u00bb.vc_custom_1689348712907{padding-top: 80px !important;padding-bottom: 80px !important;}\u00bb][vc_column][vc_custom_heading text=\u00bbESTO ES PERSONAL\u00bb font_container=\u00bbtag:h1|font_size:50|text_align:center|color:%23ffffff|line_height:1.5&#8243; use_theme_fonts=\u00bbyes\u00bb css_animation=\u00bbfadeInUp\u00bb][vc_custom_heading text=\u00bbNos especializamos en headhunting y gesti\u00f3n estrat\u00e9gica en recursos humanos. Aportamos soluciones para que las empresas cuenten con colaboradores capaces y motivados, en quienes puedan encomendar la operaci\u00f3n de su negocio. Nuestros clientes nos perciben&hellip;<\/p>\n","protected":false},"author":1,"featured_media":0,"parent":0,"menu_order":0,"comment_status":"closed","ping_status":"closed","template":"","meta":{"footnotes":""},"class_list":["post-10564","page","type-page","status-publish","hentry","description-off"],"_links":{"self":[{"href":"https:\/\/spyral-staging.com\/certia\/wp-json\/wp\/v2\/pages\/10564","targetHints":{"allow":["GET"]}}],"collection":[{"href":"https:\/\/spyral-staging.com\/certia\/wp-json\/wp\/v2\/pages"}],"about":[{"href":"https:\/\/spyral-staging.com\/certia\/wp-json\/wp\/v2\/types\/page"}],"author":[{"embeddable":true,"href":"https:\/\/spyral-staging.com\/certia\/wp-json\/wp\/v2\/users\/1"}],"replies":[{"embeddable":true,"href":"https:\/\/spyral-staging.com\/certia\/wp-json\/wp\/v2\/comments?post=10564"}],"version-history":[{"count":44,"href":"https:\/\/spyral-staging.com\/certia\/wp-json\/wp\/v2\/pages\/10564\/revisions"}],"predecessor-version":[{"id":10827,"href":"https:\/\/spyral-staging.com\/certia\/wp-json\/wp\/v2\/pages\/10564\/revisions\/10827"}],"wp:attachment":[{"href":"https:\/\/spyral-staging.com\/certia\/wp-json\/wp\/v2\/media?parent=10564"}],"curies":[{"name":"wp","href":"https:\/\/api.w.org\/{rel}","templated":true}]}}