{"id":9800,"date":"2023-02-03T06:05:13","date_gmt":"2023-02-03T06:05:13","guid":{"rendered":"https:\/\/spyral-staging.com\/certia\/?page_id=9800"},"modified":"2023-09-27T19:56:40","modified_gmt":"2023-09-27T19:56:40","slug":"home","status":"publish","type":"page","link":"https:\/\/spyral-staging.com\/certia\/","title":{"rendered":"Inicio"},"content":{"rendered":"<div class=\"wpb-content-wrapper\"><p>[vc_row full_width=\u00bbstretch_row\u00bb css=\u00bb.vc_custom_1689316509156{padding-top: 5px !important;background-color: #f2f8fa !important;}\u00bb][vc_column][vc_row_inner][vc_column_inner][vc_custom_heading text=\u00bbSomos un equipo de consultores y mentores apasionados que hemos recorrido el camino empresarial y conocemos de cerca los altibajos que esto conlleva. No s\u00f3lo te proporcionaremos metodolog\u00edas probadas, herramientas relevantes, sino compartiremos nuestras propias experiencias contigo, mejores pr\u00e1cticas y contactos estrat\u00e9gicos que te ayudar\u00e1n a avanzar con seguridad hacia tus objetivos. Nuestro equipo est\u00e1 compuesto por consultores y mentores apasionados que han recorrido el camino empresarial y conocen de cerca los altibajos que conlleva. No s\u00f3lo compartiremos nuestras propias experiencias contigo, sino que tambi\u00e9n te proporcionaremos metodolog\u00edas probadas, mejores pr\u00e1cticas, herramientas relevantes y contactos estrat\u00e9gicos que te ayudar\u00e1n a avanzar con seguridad hacia tus objetivos.\u00bb font_container=\u00bbtag:p|font_size:17|text_align:center|color:%23333333|line_height:1.7&#8243; google_fonts=\u00bbfont_family:Open%20Sans%3A300%2C300italic%2Cregular%2Citalic%2C600%2C600italic%2C700%2C700italic%2C800%2C800italic|font_style:300%20light%20regular%3A300%3Anormal\u00bb css_animation=\u00bbfadeInUp\u00bb css=\u00bb.vc_custom_1695396920014{margin-bottom: 45px !important;}\u00bb][\/vc_column_inner][\/vc_row_inner][\/vc_column][\/vc_row][vc_row full_width=\u00bbstretch_row_content_no_spaces\u00bb css=\u00bb.vc_custom_1692915994511{margin-bottom: 15px !important;}\u00bb][vc_column][vc_custom_heading text=\u00bbNUESTROS SERVICIOS\u00bb font_container=\u00bbtag:h2|font_size:40|text_align:center|color:%2300b0ea\u00bb use_theme_fonts=\u00bbyes\u00bb css_animation=\u00bbfadeInUp\u00bb css=\u00bb.vc_custom_1689047008907{margin-bottom: 23px !important;}\u00bb][vc_row_inner css=\u00bb.vc_custom_1689316342420{margin-bottom: 40px !important;}\u00bb][vc_column_inner width=\u00bb1\/4&#8243;]<div tabindex=\"0\" class=\"ult-new-ib ult-ib-effect-style6  ult-ib-resp ult-ib2-min-height  vc_custom_1695489155840\" data-min-width=\"768\" data-max-width=\"900\" style=\"background:#008dbb; opacity:0; \" data-opacity=\"0.1\" data-hover-opacity=\"0.1\"  data-min-height=\"320\" ><img decoding=\"async\" class=\"ult-new-ib-img\" style=\"opacity:0.1;\" alt=\"null\" src=\"https:\/\/spyral-staging.com\/certia\/wp-content\/uploads\/2023\/07\/certia-servicios1.jpg\"  data-min-height=\"320\"   \/><div id=\"interactive-banner-wrap-7844\" class=\"ult-new-ib-desc\" style=\"\"><h2 class=\"ult-new-ib-title ult-responsive\"  data-ultimate-target='#interactive-banner-wrap-7844 .ult-new-ib-title'  data-responsive-json-new='{\"font-size\":\"desktop:20px;\",\"line-height\":\"desktop:45px;\"}'  style=\"font-family:&#039;Montserrat&#039;;font-weight:200;\">HEADHUNTING<\/h2><\/div><\/div>[\/vc_column_inner][vc_column_inner width=\u00bb1\/4&#8243;]<div tabindex=\"0\" class=\"ult-new-ib ult-ib-effect-style6  ult-ib-resp ult-ib2-min-height  vc_custom_1695489237789\" data-min-width=\"768\" data-max-width=\"900\" style=\"background:#00b0ea; opacity:0; \" data-opacity=\"0.1\" data-hover-opacity=\"0.1\"  data-min-height=\"320\" ><img decoding=\"async\" class=\"ult-new-ib-img\" style=\"opacity:0.1;\" alt=\"null\" src=\"https:\/\/spyral-staging.com\/certia\/wp-content\/uploads\/2023\/07\/certia-servicios2.jpg\"  data-min-height=\"320\"   \/><div id=\"interactive-banner-wrap-2816\" class=\"ult-new-ib-desc\" style=\"\"><h2 class=\"ult-new-ib-title ult-responsive\"  data-ultimate-target='#interactive-banner-wrap-2816 .ult-new-ib-title'  data-responsive-json-new='{\"font-size\":\"desktop:20px;\",\"line-height\":\"desktop:45px;\"}'  style=\"font-family:&#039;Montserrat&#039;;font-weight:200;\">CONSULTOR\u00cdA EN RH<\/h2><\/div><\/div>[\/vc_column_inner][vc_column_inner width=\u00bb1\/4&#8243;]<div tabindex=\"0\" class=\"ult-new-ib ult-ib-effect-style6  ult-ib-resp ult-ib2-min-height  vc_custom_1695489233905\" data-min-width=\"768\" data-max-width=\"900\" style=\"background:#008dbb; opacity:0; \" data-opacity=\"0.1\" data-hover-opacity=\"0.1\"  data-min-height=\"320\" ><img decoding=\"async\" class=\"ult-new-ib-img\" style=\"opacity:0.1;\" alt=\"null\" src=\"https:\/\/spyral-staging.com\/certia\/wp-content\/uploads\/2023\/07\/certia-servicios3.jpg\"  data-min-height=\"320\"   \/><div id=\"interactive-banner-wrap-3834\" class=\"ult-new-ib-desc\" style=\"\"><h2 class=\"ult-new-ib-title ult-responsive\"  data-ultimate-target='#interactive-banner-wrap-3834 .ult-new-ib-title'  data-responsive-json-new='{\"font-size\":\"desktop:20px;\",\"line-height\":\"desktop:45px;\"}'  style=\"font-family:&#039;Montserrat&#039;;font-weight:200;\">MENTOR\u00cdA DE NEGOCIOS<\/h2><\/div><\/div>[\/vc_column_inner][vc_column_inner width=\u00bb1\/4&#8243;]<div tabindex=\"0\" class=\"ult-new-ib ult-ib-effect-style6  ult-ib-resp ult-ib2-min-height  vc_custom_1695489231290\" data-min-width=\"768\" data-max-width=\"900\" style=\"background:#00b0ea; opacity:0; \" data-opacity=\"0.1\" data-hover-opacity=\"0.1\"  data-min-height=\"320\" ><img decoding=\"async\" class=\"ult-new-ib-img\" style=\"opacity:0.1;\" alt=\"null\" src=\"https:\/\/spyral-staging.com\/certia\/wp-content\/uploads\/2023\/07\/certia-servicios4.jpg\"  data-min-height=\"320\"   \/><div id=\"interactive-banner-wrap-5834\" class=\"ult-new-ib-desc\" style=\"\"><h2 class=\"ult-new-ib-title ult-responsive\"  data-ultimate-target='#interactive-banner-wrap-5834 .ult-new-ib-title'  data-responsive-json-new='{\"font-size\":\"desktop:20px;\",\"line-height\":\"desktop:45px;\"}'  style=\"font-family:&#039;Montserrat&#039;;font-weight:200;\">CHECK-UP PROFESIONAL<\/h2><\/div><\/div>[\/vc_column_inner][\/vc_row_inner]<div class=\" ubtn-ctn-center \"><a class=\"ubtn-link ult-adjust-bottom-margin ubtn-center ubtn-custom \" href=\"https:\/\/spyral-staging.com\/certia\/nuestros-servicios\/\" title=\"Services\" ><button type=\"button\" id=\"ubtn-5570\"  class=\"ubtn ult-adjust-bottom-margin ult-responsive ubtn-custom ubtn-no-hover-bg  none  ubtn-center   tooltip-69e2fed0df8c5\"  data-hover=\"#ffffff\" data-border-color=\"#00b0ea\" data-bg=\"\" data-hover-bg=\"#00b0ea\" data-border-hover=\"#00b0ea\" data-shadow-hover=\"\" data-shadow-click=\"none\" data-shadow=\"\" data-shd-shadow=\"\"  data-ultimate-target='#ubtn-5570'  data-responsive-json-new='{\"font-size\":\"desktop:14px;\",\"line-height\":\"\"}'  style=\"font-family:&#039;Inter&#039;;font-weight:normal;font-style:normal;width:200px;min-height:40px;padding:px px;border-radius:px;border-width:1px;border-color:#00b0ea;border-style:solid;color: #00b0ea;\"><span class=\"ubtn-hover\" style=\"background-color:#00b0ea\"><\/span><span class=\"ubtn-data ubtn-text \" >M\u00c1S SERVICIOS<\/span><\/button><\/a><\/div>[\/vc_column][\/vc_row][vc_row full_width=\u00bbstretch_row\u00bb bg_type=\u00bbimage\u00bb parallax_style=\u00bbvcpb-vz-jquery\u00bb bg_image_new=\u00bbid^10482|url^http:\/\/spyral-staging.com\/certia\/wp-content\/uploads\/2023\/07\/certia-certia-bckg.jpg|caption^null|alt^null|title^certia-certia-bckg|description^null\u00bb bg_image_repeat=\u00bbno-repeat\u00bb parallax_sense=\u00bb50&#8243; enable_overlay=\u00bbenable_overlay_value\u00bb overlay_color=\u00bbrgba(80,84,86,0.95)\u00bb css=\u00bb.vc_custom_1692916143251{padding-top: 20px !important;padding-bottom: 25px !important;}\u00bb][vc_column][vc_row_inner][vc_column_inner width=\u00bb1\/6&#8243;][\/vc_column_inner][vc_column_inner width=\u00bb2\/3&#8243; css=\u00bb.vc_custom_1675438494722{border-top-width: 1px !important;border-right-width: 1px !important;border-bottom-width: 1px !important;border-left-width: 1px !important;border-left-color: #ffffff !important;border-left-style: solid !important;border-right-color: #ffffff !important;border-right-style: solid !important;border-top-color: #ffffff !important;border-top-style: solid !important;border-bottom-color: #ffffff !important;border-bottom-style: solid !important;}\u00bb]<div class=\"ult-just-icon-wrapper   vc_custom_1695489603663\"><div class=\"align-icon\" style=\"text-align:center;\">\n<div class=\"aio-icon-img \" style=\"font-size:70px;display:inline-block;\" data-animation=\"fadeInUp\" data-animation-delay=\"03\">\n\t<img decoding=\"async\" class=\"img-icon\" alt=\"null\" src=\"https:\/\/spyral-staging.com\/certia\/wp-content\/uploads\/2023\/09\/certia-iconos_saludybienestar-white.svg\"\/>\n<\/div><\/div><\/div>[vc_custom_heading text=\u00bbCONOCE NUESTRO CHECK-UP PROFESIONAL\u00bb font_container=\u00bbtag:h2|font_size:40|text_align:center|color:%23ffffff\u00bb use_theme_fonts=\u00bbyes\u00bb css_animation=\u00bbfadeInUp\u00bb css=\u00bb.vc_custom_1695489434707{margin-bottom: 23px !important;}\u00bb][vc_column_text el_class=\u00bb.whitetxt\u00bb css=\u00bb.vc_custom_1695489469007{margin-right: 50px !important;margin-left: 50px !important;}\u00bb]<\/p>\n<p style=\"text-align: center;\">As\u00ed como cuidamos nuestra salud con ex\u00e1menes m\u00e9dicos, este enfoque \u00fanico te brinda la oportunidad de conocerte mejor, evaluar y decidir el rumbo de tu carrera en evoluci\u00f3n.<\/p>\n<p>[\/vc_column_text]<div class=\" vc_custom_1695489682123 ubtn-ctn-center \"><a class=\"ubtn-link ult-adjust-bottom-margin ubtn-center ubtn-custom \" href=\"https:\/\/spyral-staging.com\/certia\/nuestros-servicios\/\" title=\"Nuestros Servicios\" ><button type=\"button\" id=\"ubtn-9910\"  class=\"ubtn ult-adjust-bottom-margin ult-responsive ubtn-custom ubtn-no-hover-bg  none  ubtn-center   tooltip-69e2fed0e0bb2\"  data-hover=\"#00b0ea\" data-border-color=\"#ffffff\" data-bg=\"\" data-hover-bg=\"#ffffff\" data-border-hover=\"#ffffff\" data-shadow-hover=\"\" data-shadow-click=\"none\" data-shadow=\"\" data-shd-shadow=\"\"  data-ultimate-target='#ubtn-9910'  data-responsive-json-new='{\"font-size\":\"desktop:14px;\",\"line-height\":\"\"}'  style=\"font-family:&#039;Inter&#039;;font-weight:normal;font-style:normal;width:200px;min-height:40px;padding:px px;border-radius:px;border-width:1px;border-color:#ffffff;border-style:solid;color: #ffffff;\"><span class=\"ubtn-hover\" style=\"background-color:#ffffff\"><\/span><span class=\"ubtn-data ubtn-text \" >M\u00c1S INFO<\/span><\/button><\/a><\/div>[\/vc_column_inner][vc_column_inner width=\u00bb1\/6&#8243;][\/vc_column_inner][\/vc_row_inner][vc_empty_space][\/vc_column][\/vc_row][vc_row full_width=\u00bbstretch_row\u00bb bg_type=\u00bbimage\u00bb parallax_style=\u00bbvcpb-default\u00bb bg_image_new=\u00bbid^10895|url^http:\/\/spyral-staging.com\/certia\/wp-content\/uploads\/2023\/09\/certia-webinar-bckg.jpg|caption^null|alt^null|title^certia-webinar-bckg|description^null\u00bb css=\u00bb.vc_custom_1695491173828{padding-top: 40px !important;padding-bottom: 50px !important;}\u00bb][vc_column][vc_row_inner][vc_column_inner width=\u00bb1\/3&#8243;][\/vc_column_inner][vc_column_inner width=\u00bb2\/3&#8243;][vc_custom_heading text=\u00bbWEBINAR GRATUITO\u00bb font_container=\u00bbtag:h2|font_size:40|text_align:center|color:%2300b0ea\u00bb use_theme_fonts=\u00bbyes\u00bb css_animation=\u00bbfadeInUp\u00bb css=\u00bb.vc_custom_1695490584278{margin-bottom: 20px !important;}\u00bb][vc_column_text css=\u00bb.vc_custom_1695844596035{margin-right: 50px !important;margin-left: 50px !important;}\u00bb]<\/p>\n<p style=\"text-align: center;\">\u00a1No te pierdas nuestro webinar sobre \u00abHabilidades de Negocio para el \u00c9xito Empresarial\u00bb! En este evento en l\u00ednea, exploraremos las habilidades esenciales que todo emprendedor y profesional necesita para alcanzar el \u00e9xito en el competitivo mundo de los negocios. Aprender\u00e1s estrategias probadas para la toma de decisiones efectiva, la gesti\u00f3n del tiempo, la negociaci\u00f3n, el liderazgo y mucho m\u00e1s. \u00danete a nosotros y adquiere las herramientas necesarias para impulsar tu carrera y negocio hacia nuevos niveles de excelencia. \u00a1Reg\u00edstrate ahora y asegura tu lugar en este enriquecedor webinar que cambiar\u00e1 tu perspectiva empresarial!<\/p>\n<p>[\/vc_column_text]<div class=\" vc_custom_1695489983896 ubtn-ctn-center \"><a class=\"ubtn-link ult-adjust-bottom-margin ubtn-center ubtn-custom \" href=\"https:\/\/spyral-staging.com\/certia\/2023\/08\/25\/webinar-gratuito\/\" title=\"Portfolio\" ><button type=\"button\" id=\"ubtn-3757\"  class=\"ubtn ult-adjust-bottom-margin ult-responsive ubtn-custom ubtn-no-hover-bg  none  ubtn-center   tooltip-69e2fed0e0cad\"  data-hover=\"#ffffff\" data-border-color=\"#00b0ea\" data-bg=\"\" data-hover-bg=\"#00b0ea\" data-border-hover=\"#00b0ea\" data-shadow-hover=\"\" data-shadow-click=\"none\" data-shadow=\"\" data-shd-shadow=\"\"  data-ultimate-target='#ubtn-3757'  data-responsive-json-new='{\"font-size\":\"desktop:14px;\",\"line-height\":\"\"}'  style=\"font-family:&#039;Inter&#039;;font-weight:normal;font-style:normal;width:200px;min-height:40px;padding:px px;border-radius:px;border-width:1px;border-color:#00b0ea;border-style:solid;color: #00b0ea;\"><span class=\"ubtn-hover\" style=\"background-color:#00b0ea\"><\/span><span class=\"ubtn-data ubtn-text \" >INSCR\u00cdBETE AHORA<\/span><\/button><\/a><\/div>[\/vc_column_inner][\/vc_row_inner][\/vc_column][\/vc_row][vc_row full_width=\u00bbstretch_row\u00bb css=\u00bb.vc_custom_1689315474627{padding-bottom: 5px !important;background-color: #505456 !important;}\u00bb][vc_column]<div class=\"ult-just-icon-wrapper   vc_custom_1689314726702\"><div class=\"align-icon\" style=\"text-align:center;\">\n<div class=\"aio-icon-img \" style=\"font-size:150px;display:inline-block;\" >\n\t<img decoding=\"async\" class=\"img-icon\" alt=\"null\" src=\"https:\/\/spyral-staging.com\/certia\/wp-content\/uploads\/2023\/07\/certia-logo-main-white.svg\"\/>\n<\/div><\/div><\/div>[vc_raw_html css=\u00bb.vc_custom_1689303032282{margin-bottom: 25px !important;padding-bottom: 0px !important;}\u00bb]JTNDY2VudGVyJTNFJTBBJTNDZGl2JTIwaWQlM0QlMjJuYXZtZW51JTIyJTNFJTBBJTNDdWwlM0UlMEElMDklM0NsaSUzRSUzQ2ElMjBocmVmJTNEJTIyJTIzJTIyJTNFSU5JQ0lPJTNDJTJGYSUzRSUzQyUyRmxpJTNFJTBBJTA5JTNDbGklM0UlM0NhJTIwaHJlZiUzRCUyMiUyMyUyMiUzRUFDRVJDQSUyMERFJTIwQ0VSVElBJTNDJTJGYSUzRSUzQyUyRmxpJTNFJTBBJTIwJTIwJTIwJTIwJTIwJTIwJTIwJTIwJTNDbGklM0UlM0NhJTIwaHJlZiUzRCUyMiUyMyUyMiUzRU5VRVNUUk9TJTIwU0VSVklDSU9TJTNDJTJGYSUzRSUzQyUyRmxpJTNFJTBBJTA5JTNDbGklM0UlM0NhJTIwaHJlZiUzRCUyMiUyMyUyMiUzRU5VRVNUUk9TJTIwQ0xJRU5URVMlM0MlMkZhJTNFJTNDJTJGbGklM0UlMEElMDklM0NsaSUzRSUzQ2ElMjBocmVmJTNEJTIyJTIzJTIyJTNFQ09OVCVDMyU4MUNUQU5PUyUzQyUyRmElM0UlM0MlMkZsaSUzRSUwQSUzQyUyRnVsJTNFJTBBJTNDJTJGZGl2JTNFJTBBJTNDJTJGY2VudGVyJTNF[\/vc_raw_html]<style type=\"text\/css\" data-type=\"the7_shortcodes-inline-css\">.dt-shortcode-soc-icons.soc-icons-4b5bfda2d8867c2d6615511f6e50c7b9 a {\n  margin-right: 20px;\n}\n.dt-shortcode-soc-icons a.soc-icons-4b5bfda2d8867c2d6615511f6e50c7b9 {\n  margin-right: 20px;\n}\n.dt-shortcode-soc-icons a.soc-icons-4b5bfda2d8867c2d6615511f6e50c7b9:last-child {\n  margin-right: 0;\n}\n.dt-shortcode-soc-icons a.soc-icons-4b5bfda2d8867c2d6615511f6e50c7b9:before,\n.dt-shortcode-soc-icons a.soc-icons-4b5bfda2d8867c2d6615511f6e50c7b9:after {\n  padding: inherit;\n}\n.dt-shortcode-soc-icons a.soc-icons-4b5bfda2d8867c2d6615511f6e50c7b9.dt-icon-border-on:before {\n  border:  solid ;\n}\n.dt-shortcode-soc-icons a.soc-icons-4b5bfda2d8867c2d6615511f6e50c7b9.dt-icon-hover-border-on:after {\n  border:  solid ;\n}<\/style><div class=\"dt-shortcode-soc-icons  soc-icons-4b5bfda2d8867c2d6615511f6e50c7b9 soc-icons-center  vc_custom_1675412221669\" ><style type=\"text\/css\" data-type=\"the7_shortcodes-inline-css\">.dt-shortcode-soc-icons a.single-soc-icon-0900665e429cb0f46034090ce41439d2 {\n  min-width: 26px;\n  min-height: 26px;\n  font-size: 16px;\n  border-radius: 100px;\n}\n.dt-shortcode-soc-icons a.single-soc-icon-0900665e429cb0f46034090ce41439d2:last-child {\n  margin-right: 0;\n}\n.dt-shortcode-soc-icons a.single-soc-icon-0900665e429cb0f46034090ce41439d2:before,\n.dt-shortcode-soc-icons a.single-soc-icon-0900665e429cb0f46034090ce41439d2:after {\n  min-width: 26px;\n  min-height: 26px;\n  padding: inherit;\n}\n#page .dt-shortcode-soc-icons a.single-soc-icon-0900665e429cb0f46034090ce41439d2.dt-icon-bg-on:before,\n#phantom .dt-shortcode-soc-icons a.single-soc-icon-0900665e429cb0f46034090ce41439d2.dt-icon-bg-on:before {\n  background: #00b0ea;\n}\n.dt-shortcode-soc-icons a.single-soc-icon-0900665e429cb0f46034090ce41439d2.dt-icon-border-on:before {\n  border: 0px solid ;\n}\n.dt-shortcode-soc-icons a.single-soc-icon-0900665e429cb0f46034090ce41439d2.dt-icon-hover-border-on:after {\n  border: 0px solid ;\n}\n.dt-shortcode-soc-icons a.single-soc-icon-0900665e429cb0f46034090ce41439d2:hover {\n  font-size: 16px;\n}\n#page .dt-shortcode-soc-icons a.single-soc-icon-0900665e429cb0f46034090ce41439d2:hover .soc-font-icon,\n#phantom .dt-shortcode-soc-icons a.single-soc-icon-0900665e429cb0f46034090ce41439d2:hover .soc-font-icon,\n#page .dt-shortcode-soc-icons a.single-soc-icon-0900665e429cb0f46034090ce41439d2:hover .soc-icon,\n#phantom .dt-shortcode-soc-icons a.single-soc-icon-0900665e429cb0f46034090ce41439d2:hover .soc-icon {\n  color: rgba(255,255,255,0.75);\n  background: none;\n}\n#page .dt-shortcode-soc-icons a.single-soc-icon-0900665e429cb0f46034090ce41439d2:not(:hover) .soc-font-icon,\n#phantom .dt-shortcode-soc-icons a.single-soc-icon-0900665e429cb0f46034090ce41439d2:not(:hover) .soc-font-icon,\n#page .dt-shortcode-soc-icons a.single-soc-icon-0900665e429cb0f46034090ce41439d2:not(:hover) .soc-icon,\n#phantom .dt-shortcode-soc-icons a.single-soc-icon-0900665e429cb0f46034090ce41439d2:not(:hover) .soc-icon {\n  color: #ffffff;\n  background: none;\n}\n.dt-shortcode-soc-icons a.single-soc-icon-0900665e429cb0f46034090ce41439d2 .soc-font-icon,\n.dt-shortcode-soc-icons a.single-soc-icon-0900665e429cb0f46034090ce41439d2 .soc-icon {\n  font-size: 16px;\n}<\/style><a title=\"Facebook\" href=\"https:\/\/www.facebook.com\/certiamx\/\" target=\"_blank\" class=\"facebook single-soc-icon-0900665e429cb0f46034090ce41439d2 dt-icon-bg-on dt-icon-border-on dt-icon-hover-border-on dt-icon-hover-bg-on\"><i class=\"soc-icon soc-font-icon dt-icon-facebook\"><\/i><span class=\"screen-reader-text\">Facebook<\/span><\/a><style type=\"text\/css\" data-type=\"the7_shortcodes-inline-css\">.dt-shortcode-soc-icons a.single-soc-icon-8f6f40db805453f8205008d0b6188773 {\n  min-width: 26px;\n  min-height: 26px;\n  font-size: 16px;\n  border-radius: 100px;\n}\n.dt-shortcode-soc-icons a.single-soc-icon-8f6f40db805453f8205008d0b6188773:last-child {\n  margin-right: 0;\n}\n.dt-shortcode-soc-icons a.single-soc-icon-8f6f40db805453f8205008d0b6188773:before,\n.dt-shortcode-soc-icons a.single-soc-icon-8f6f40db805453f8205008d0b6188773:after {\n  min-width: 26px;\n  min-height: 26px;\n  padding: inherit;\n}\n#page .dt-shortcode-soc-icons a.single-soc-icon-8f6f40db805453f8205008d0b6188773.dt-icon-bg-on:before,\n#phantom .dt-shortcode-soc-icons a.single-soc-icon-8f6f40db805453f8205008d0b6188773.dt-icon-bg-on:before {\n  background: #00b0ea;\n}\n.dt-shortcode-soc-icons a.single-soc-icon-8f6f40db805453f8205008d0b6188773.dt-icon-border-on:before {\n  border: 0px solid ;\n}\n.dt-shortcode-soc-icons a.single-soc-icon-8f6f40db805453f8205008d0b6188773.dt-icon-hover-border-on:after {\n  border: 0px solid ;\n}\n.dt-shortcode-soc-icons a.single-soc-icon-8f6f40db805453f8205008d0b6188773:hover {\n  font-size: 16px;\n}\n#page .dt-shortcode-soc-icons a.single-soc-icon-8f6f40db805453f8205008d0b6188773:hover .soc-font-icon,\n#phantom .dt-shortcode-soc-icons a.single-soc-icon-8f6f40db805453f8205008d0b6188773:hover .soc-font-icon,\n#page .dt-shortcode-soc-icons a.single-soc-icon-8f6f40db805453f8205008d0b6188773:hover .soc-icon,\n#phantom .dt-shortcode-soc-icons a.single-soc-icon-8f6f40db805453f8205008d0b6188773:hover .soc-icon {\n  color: rgba(255,255,255,0.75);\n  background: none;\n}\n#page .dt-shortcode-soc-icons a.single-soc-icon-8f6f40db805453f8205008d0b6188773:not(:hover) .soc-font-icon,\n#phantom .dt-shortcode-soc-icons a.single-soc-icon-8f6f40db805453f8205008d0b6188773:not(:hover) .soc-font-icon,\n#page .dt-shortcode-soc-icons a.single-soc-icon-8f6f40db805453f8205008d0b6188773:not(:hover) .soc-icon,\n#phantom .dt-shortcode-soc-icons a.single-soc-icon-8f6f40db805453f8205008d0b6188773:not(:hover) .soc-icon {\n  color: #ffffff;\n  background: none;\n}\n.dt-shortcode-soc-icons a.single-soc-icon-8f6f40db805453f8205008d0b6188773 .soc-font-icon,\n.dt-shortcode-soc-icons a.single-soc-icon-8f6f40db805453f8205008d0b6188773 .soc-icon {\n  font-size: 16px;\n}<\/style><a title=\"Linkedin\" href=\"https:\/\/mx.linkedin.com\/company\/certia-expertos-en-personal\" target=\"_blank\" class=\"linkedin single-soc-icon-8f6f40db805453f8205008d0b6188773 dt-icon-bg-on dt-icon-border-on dt-icon-hover-border-on dt-icon-hover-bg-on\"><i class=\"soc-icon soc-font-icon dt-icon-linkedin\"><\/i><span class=\"screen-reader-text\">Linkedin<\/span><\/a><\/div>[vc_column_text el_class=\u00bb.footertxt\u00bb]<\/p>\n<p style=\"text-align: center;\">\u00a9 2023 <a href=\"#\">Certia<\/a> \u2022 Derechos Reservados.<\/p>\n<p>[\/vc_column_text][\/vc_column][\/vc_row]<\/p>\n<\/div>","protected":false},"excerpt":{"rendered":"<p>[vc_row full_width=\u00bbstretch_row\u00bb css=\u00bb.vc_custom_1689316509156{padding-top: 5px !important;background-color: #f2f8fa !important;}\u00bb][vc_column][vc_row_inner][vc_column_inner][vc_custom_heading text=\u00bbSomos un equipo de consultores y mentores apasionados que hemos recorrido el camino empresarial y conocemos de cerca los altibajos que esto conlleva. No s\u00f3lo te proporcionaremos metodolog\u00edas probadas, herramientas relevantes, sino compartiremos nuestras propias experiencias contigo, mejores pr\u00e1cticas y contactos estrat\u00e9gicos que te ayudar\u00e1n a avanzar con&hellip;<\/p>\n","protected":false},"author":1,"featured_media":10039,"parent":0,"menu_order":0,"comment_status":"closed","ping_status":"closed","template":"","meta":{"footnotes":""},"class_list":["post-9800","page","type-page","status-publish","has-post-thumbnail","hentry","description-off"],"_links":{"self":[{"href":"https:\/\/spyral-staging.com\/certia\/wp-json\/wp\/v2\/pages\/9800","targetHints":{"allow":["GET"]}}],"collection":[{"href":"https:\/\/spyral-staging.com\/certia\/wp-json\/wp\/v2\/pages"}],"about":[{"href":"https:\/\/spyral-staging.com\/certia\/wp-json\/wp\/v2\/types\/page"}],"author":[{"embeddable":true,"href":"https:\/\/spyral-staging.com\/certia\/wp-json\/wp\/v2\/users\/1"}],"replies":[{"embeddable":true,"href":"https:\/\/spyral-staging.com\/certia\/wp-json\/wp\/v2\/comments?post=9800"}],"version-history":[{"count":341,"href":"https:\/\/spyral-staging.com\/certia\/wp-json\/wp\/v2\/pages\/9800\/revisions"}],"predecessor-version":[{"id":10898,"href":"https:\/\/spyral-staging.com\/certia\/wp-json\/wp\/v2\/pages\/9800\/revisions\/10898"}],"wp:featuredmedia":[{"embeddable":true,"href":"https:\/\/spyral-staging.com\/certia\/wp-json\/wp\/v2\/media\/10039"}],"wp:attachment":[{"href":"https:\/\/spyral-staging.com\/certia\/wp-json\/wp\/v2\/media?parent=9800"}],"curies":[{"name":"wp","href":"https:\/\/api.w.org\/{rel}","templated":true}]}}